{"id":148,"date":"2021-09-16T11:11:35","date_gmt":"2021-09-16T09:11:35","guid":{"rendered":"https:\/\/www.sandrinengatchou.com\/?page_id=148"},"modified":"2022-01-07T16:47:56","modified_gmt":"2022-01-07T15:47:56","slug":"labs-hacking","status":"publish","type":"page","link":"https:\/\/www.sandrinengatchou.com\/en\/labs-hacking\/","title":{"rendered":"Hacking Labs"},"content":{"rendered":"<p>[et_pb_section fb_built=\u00a0\u00bb1&Prime; _builder_version=\u00a0\u00bb4.10.8&Prime; _module_preset=\u00a0\u00bbdefault\u00a0\u00bb background_color=\u00a0\u00bbgcid-f9851079-f79a-46ac-87ae-a419e71e5ef5&Prime; global_colors_info=\u00a0\u00bb{%22gcid-f9851079-f79a-46ac-87ae-a419e71e5ef5%22:%91%22background_color%22%93}\u00a0\u00bb][et_pb_row _builder_version=\u00a0\u00bb4.10.8&Prime; _module_preset=\u00a0\u00bbdefault\u00a0\u00bb global_colors_info=\u00a0\u00bb{}\u00a0\u00bb][et_pb_column type=\u00a0\u00bb4_4&Prime; _builder_version=\u00a0\u00bb4.10.8&Prime; _module_preset=\u00a0\u00bbdefault\u00a0\u00bb global_colors_info=\u00a0\u00bb{}\u00a0\u00bb][et_pb_post_title meta=\u00a0\u00bboff\u00a0\u00bb featured_image=\u00a0\u00bboff\u00a0\u00bb _builder_version=\u00a0\u00bb4.10.8&Prime; _module_preset=\u00a0\u00bbdefault\u00a0\u00bb title_font=\u00a0\u00bbExo 2|900|on||||||\u00a0\u00bb title_text_align=\u00a0\u00bbcenter\u00a0\u00bb title_text_color=\u00a0\u00bb#FFFFFF\u00a0\u00bb title_font_size=\u00a0\u00bb34px\u00a0\u00bb title_line_height=\u00a0\u00bb1.2em\u00a0\u00bb width=\u00a0\u00bb61%\u00a0\u00bb width_tablet=\u00a0\u00bb\u00a0\u00bb width_phone=\u00a0\u00bb100%\u00a0\u00bb width_last_edited=\u00a0\u00bbon|desktop\u00a0\u00bb module_alignment=\u00a0\u00bbcenter\u00a0\u00bb title_font_size_tablet=\u00a0\u00bb\u00a0\u00bb title_font_size_phone=\u00a0\u00bb29px\u00a0\u00bb title_font_size_last_edited=\u00a0\u00bbon|phone\u00a0\u00bb box_shadow_style=\u00a0\u00bbpreset4&Prime; box_shadow_color=\u00a0\u00bbgcid-20940cd8-a691-43db-93b3-479538d809e1&Prime; global_colors_info=\u00a0\u00bb{%22gcid-20940cd8-a691-43db-93b3-479538d809e1%22:%91%22box_shadow_color%22%93}\u00a0\u00bb][\/et_pb_post_title][\/et_pb_column][\/et_pb_row][\/et_pb_section][et_pb_section fb_built=\u00a0\u00bb1&Prime; specialty=\u00a0\u00bbon\u00a0\u00bb custom_padding_last_edited=\u00a0\u00bbon|desktop\u00a0\u00bb _builder_version=\u00a0\u00bb4.10.8&Prime; _module_preset=\u00a0\u00bbdefault\u00a0\u00bb background_color=\u00a0\u00bbgcid-97033f27-3fef-4139-abce-f7838f9bb2ca\u00a0\u00bb custom_padding=\u00a0\u00bb10%||8%||false|false\u00a0\u00bb custom_padding_tablet=\u00a0\u00bb\u00a0\u00bb custom_padding_phone=\u00a0\u00bb\u00a0\u00bb top_divider_style=\u00a0\u00bbslant2&Prime; top_divider_color=\u00a0\u00bbgcid-f9851079-f79a-46ac-87ae-a419e71e5ef5&Prime; top_divider_flip=\u00a0\u00bbhorizontal\u00a0\u00bb global_colors_info=\u00a0\u00bb{%22gcid-f9851079-f79a-46ac-87ae-a419e71e5ef5%22:%91%22top_divider_color%22%93,%22gcid-5c723c1a-2fcb-4238-9e64-6f66028682fa%22:%91%22background_color_1%22%93,%22gcid-97033f27-3fef-4139-abce-f7838f9bb2ca%22:%91%22background_color%22%93}\u00a0\u00bb][et_pb_column type=\u00a0\u00bb1_2&Prime; _builder_version=\u00a0\u00bb3.25&Prime; custom_padding=\u00a0\u00bb|||\u00a0\u00bb global_colors_info=\u00a0\u00bb{}\u00a0\u00bb custom_padding__hover=\u00a0\u00bb|||\u00a0\u00bb][et_pb_image src=\u00a0\u00bbhttps:\/\/www.sandrinengatchou.com\/wp-content\/uploads\/2021\/09\/christina-wocintechchat-com-68c8TlX5dfk-unsplash-scaled.jpg\u00a0\u00bb title_text=\u00a0\u00bbchristina-wocintechchat-com-68c8TlX5dfk-unsplash\u00a0\u00bb _builder_version=\u00a0\u00bb4.12.1&Prime; _module_preset=\u00a0\u00bbdefault\u00a0\u00bb width_tablet=\u00a0\u00bb100%\u00a0\u00bb width_phone=\u00a0\u00bb100%\u00a0\u00bb width_last_edited=\u00a0\u00bbon|tablet\u00a0\u00bb module_alignment=\u00a0\u00bbcenter\u00a0\u00bb custom_margin_tablet=\u00a0\u00bb5%||||false|false\u00a0\u00bb custom_margin_phone=\u00a0\u00bb\u00a0\u00bb custom_margin_last_edited=\u00a0\u00bbon|tablet\u00a0\u00bb module_alignment_tablet=\u00a0\u00bbcenter\u00a0\u00bb module_alignment_phone=\u00a0\u00bbcenter\u00a0\u00bb module_alignment_last_edited=\u00a0\u00bbon|tablet\u00a0\u00bb box_shadow_style=\u00a0\u00bbpreset4&Prime; box_shadow_horizontal=\u00a0\u00bb15px\u00a0\u00bb box_shadow_vertical=\u00a0\u00bb15px\u00a0\u00bb box_shadow_color=\u00a0\u00bbgcid-20940cd8-a691-43db-93b3-479538d809e1&Prime; global_colors_info=\u00a0\u00bb{%22gcid-20940cd8-a691-43db-93b3-479538d809e1%22:%91%22box_shadow_color%22%93}\u00a0\u00bb][\/et_pb_image][\/et_pb_column][et_pb_column type=\u00a0\u00bb1_2&Prime; specialty_columns=\u00a0\u00bb2&Prime; _builder_version=\u00a0\u00bb3.25&Prime; custom_padding=\u00a0\u00bb|||\u00a0\u00bb global_colors_info=\u00a0\u00bb{}\u00a0\u00bb custom_padding__hover=\u00a0\u00bb|||\u00a0\u00bb][et_pb_row_inner custom_padding_last_edited=\u00a0\u00bbon|desktop\u00a0\u00bb _builder_version=\u00a0\u00bb4.12.1&Prime; _module_preset=\u00a0\u00bbdefault\u00a0\u00bb custom_padding=\u00a0\u00bb14%||||false|false\u00a0\u00bb custom_padding_tablet=\u00a0\u00bb10%||||false|false\u00a0\u00bb custom_padding_phone=\u00a0\u00bb\u00a0\u00bb module_alignment_tablet=\u00a0\u00bb\u00a0\u00bb module_alignment_phone=\u00a0\u00bb\u00a0\u00bb module_alignment_last_edited=\u00a0\u00bbon|phone\u00a0\u00bb global_colors_info=\u00a0\u00bb{}\u00a0\u00bb][et_pb_column_inner saved_specialty_column_type=\u00a0\u00bb1_2&Prime; _builder_version=\u00a0\u00bb4.10.8&Prime; _module_preset=\u00a0\u00bbdefault\u00a0\u00bb global_colors_info=\u00a0\u00bb{}\u00a0\u00bb][et_pb_text content_tablet=\u00a0\u00bb<\/p>\n<h3 style=%22text-align: center;%22><span>Lorem ipsum dolor sit amet. <\/span><\/h3>\n<h4 style=%22text-align: center;%22><span>Donec in purus ac lectus<\/span><\/h4>\n<p style=%22text-align: center;%22><span>Ornare sodales ac ut dui. Donec blandit pellentesque hendrerit. Aenean vel aliquam felis. Nulla posuere interdum augue, pretium lacinia eros dapibus non. Nullam eleifend et dolor in pellentesque. Aliquam eros tortor, fringilla a tempus non, accumsan et neque. Maecenas tincidunt ullamcorper dolor, sed egestas ex fermentum a. Vivamus congue dolor vitae velit accumsan, vel aliquet urna consequat. Vivamus semper quam vitae tempus molestie. Aliquam laoreet massa sit amet feugiat eleifend. Cras bibendum urna sapien, sit amet imperdiet elit malesuada a.<\/span><\/p>\n<p>\u00a0\u00bb content_phone=\u00a0\u00bb<\/p>\n<h3 style=%22text-align: center;%22><span>Lorem ipsum dolor sit amet. <\/span><\/h3>\n<h4 style=%22text-align: center;%22><span>Donec in purus ac lectus<\/span><\/h4>\n<p style=%22text-align: center;%22><span>Ornare sodales ac ut dui. Donec blandit pellentesque hendrerit. Aenean vel aliquam felis. Nulla posuere interdum augue, pretium lacinia eros dapibus non. Nullam eleifend et dolor in pellentesque. Aliquam eros tortor, fringilla a tempus non, accumsan et neque. Maecenas tincidunt ullamcorper dolor, sed egestas ex fermentum a. Vivamus congue dolor vitae velit accumsan, vel aliquet urna consequat. Vivamus semper quam vitae tempus molestie. Aliquam laoreet massa sit amet feugiat eleifend. Cras bibendum urna sapien, sit amet imperdiet elit malesuada a.<\/span><\/p>\n<p>\u00a0\u00bb content_last_edited=\u00a0\u00bboff|phone\u00a0\u00bb _builder_version=\u00a0\u00bb4.14.5&Prime; _module_preset=\u00a0\u00bbdefault\u00a0\u00bb text_font=\u00a0\u00bbExo 2||||||||\u00a0\u00bb text_font_size=\u00a0\u00bb16px\u00a0\u00bb header_2_text_color=\u00a0\u00bb#FFFFFF\u00a0\u00bb header_3_font=\u00a0\u00bbExo 2|900|||||||\u00a0\u00bb header_3_text_color=\u00a0\u00bb#FFFFFF\u00a0\u00bb header_3_font_size=\u00a0\u00bb24px\u00a0\u00bb header_4_font=\u00a0\u00bbGilroy Light||on||||||\u00a0\u00bb header_4_font_size=\u00a0\u00bb19px\u00a0\u00bb hover_enabled=\u00a0\u00bb0&Prime; global_colors_info=\u00a0\u00bb{%22gcid-20940cd8-a691-43db-93b3-479538d809e1%22:%91%22ul_text_color%22%93,%22gcid-f9851079-f79a-46ac-87ae-a419e71e5ef5%22:%91%22link_text_color%22%93}\u00a0\u00bb sticky_enabled=\u00a0\u00bb0&Prime;]<\/p>\n<h2>Labs Hacking : Qu&rsquo;est ce que l&rsquo;on y trouve ?<\/h2>\n<p>Vous y trouverez ici des configurations d\u2019\u00e9quipements de s\u00e9curit\u00e9 sur diff\u00e9rents th\u00e8mes, des d\u00e9fis de hack dont le but est de vous aider \u00e0 prendre en main des sujets jug\u00e9s complexes. Cette page permettra de <strong>sensibiliser le public \u00e0 l&rsquo;importance de l&rsquo;\u00e9ducation et de l&rsquo;\u00e9thique en mati\u00e8re de s\u00e9curit\u00e9 de l&rsquo;information<\/strong>.<\/p>\n<p>Je trouvais qu\u2019il manquait, en libre-service, des travaux bien d\u00e9taill\u00e9s et document\u00e9s pour aider une personne d\u00e9butante qui souhaite se familiariser sur certains sujets. C\u2019est ce que j\u2019ai essay\u00e9 de faire ici modestement. Il est \u00e9galement important d\u2019enrichir les travaux qui sont pr\u00e9sent\u00e9s ici par vos interventions en commentaires. <strong>Le but est de grandir ensemble et d\u2019\u00e9voluer.<\/strong><\/p>\n<p>[\/et_pb_text][\/et_pb_column_inner][\/et_pb_row_inner][\/et_pb_column][\/et_pb_section][et_pb_section fb_built=\u00a0\u00bb1&Prime; _builder_version=\u00a0\u00bb4.10.8&Prime; _module_preset=\u00a0\u00bbdefault\u00a0\u00bb background_color=\u00a0\u00bbgcid-f9851079-f79a-46ac-87ae-a419e71e5ef5&Prime; background_enable_image=\u00a0\u00bboff\u00a0\u00bb background_size=\u00a0\u00bbcontain\u00a0\u00bb background_position=\u00a0\u00bbcenter_left\u00a0\u00bb custom_padding=\u00a0\u00bb||63px|||\u00a0\u00bb global_colors_info=\u00a0\u00bb{%22gcid-f9851079-f79a-46ac-87ae-a419e71e5ef5%22:%91%22background_color%22%93}\u00a0\u00bb][et_pb_row _builder_version=\u00a0\u00bb4.11.2&Prime; _module_preset=\u00a0\u00bbdefault\u00a0\u00bb global_colors_info=\u00a0\u00bb{}\u00a0\u00bb][et_pb_column type=\u00a0\u00bb4_4&Prime; _builder_version=\u00a0\u00bb4.11.2&Prime; _module_preset=\u00a0\u00bbdefault\u00a0\u00bb global_colors_info=\u00a0\u00bb{}\u00a0\u00bb][et_pb_blog fullwidth=\u00a0\u00bboff\u00a0\u00bb posts_number=\u00a0\u00bb6&Prime; include_categories=\u00a0\u00bb16&Prime; meta_date=\u00a0\u00bbj M Y\u00a0\u00bb show_more=\u00a0\u00bbon\u00a0\u00bb show_categories=\u00a0\u00bboff\u00a0\u00bb show_pagination=\u00a0\u00bboff\u00a0\u00bb masonry_tile_background_color=\u00a0\u00bbRGBA(0,0,0,0)\u00a0\u00bb _builder_version=\u00a0\u00bb4.13.1&Prime; _module_preset=\u00a0\u00bbdefault\u00a0\u00bb header_font=\u00a0\u00bbExo 2|800||on|||||\u00a0\u00bb header_text_color=\u00a0\u00bbgcid-5c723c1a-2fcb-4238-9e64-6f66028682fa\u00a0\u00bb body_text_color=\u00a0\u00bb#FFFFFF\u00a0\u00bb meta_font=\u00a0\u00bbGilroy Light||||||||\u00a0\u00bb meta_text_color=\u00a0\u00bbgcid-5c723c1a-2fcb-4238-9e64-6f66028682fa\u00a0\u00bb read_more_font=\u00a0\u00bbExo 2|900||on|||||\u00a0\u00bb border_width_all=\u00a0\u00bb0px\u00a0\u00bb box_shadow_style=\u00a0\u00bbpreset4&Prime; box_shadow_color=\u00a0\u00bbgcid-20940cd8-a691-43db-93b3-479538d809e1&Prime; global_colors_info=\u00a0\u00bb{%22gcid-20940cd8-a691-43db-93b3-479538d809e1%22:%91%22box_shadow_color%22,%22read_more_text_color__hover%22%93,%22gcid-5c723c1a-2fcb-4238-9e64-6f66028682fa%22:%91%22meta_text_color%22,%22header_text_color%22%93}\u00a0\u00bb read_more_text_color__hover_enabled=\u00a0\u00bbon|hover\u00a0\u00bb read_more_text_color__hover=\u00a0\u00bb#fdc747&Prime;][\/et_pb_blog][\/et_pb_column][\/et_pb_row][\/et_pb_section]<\/p>\n","protected":false},"excerpt":{"rendered":"<p>Labs Hacking : Qu&rsquo;est ce que l&rsquo;on y trouve ? Vous y trouverez ici des configurations d\u2019\u00e9quipements de s\u00e9curit\u00e9 sur diff\u00e9rents th\u00e8mes, des d\u00e9fis de hack dont le but est de vous aider \u00e0 prendre en main des sujets jug\u00e9s complexes. Cette page permettra de sensibiliser le public \u00e0 l&rsquo;importance de l&rsquo;\u00e9ducation et de l&rsquo;\u00e9thique [&hellip;]<\/p>\n","protected":false},"author":1,"featured_media":0,"parent":0,"menu_order":0,"comment_status":"closed","ping_status":"closed","template":"","meta":{"_et_pb_use_builder":"on","_et_pb_old_content":"<!-- wp:divi\/placeholder \/-->","_et_gb_content_width":"","footnotes":""},"class_list":["post-148","page","type-page","status-publish","hentry"],"yoast_head":"<!-- This site is optimized with the Yoast SEO plugin v27.5 - https:\/\/yoast.com\/product\/yoast-seo-wordpress\/ -->\n<title>Labs Hacking &#8211; Sandrine Ngatchou<\/title>\n<meta name=\"description\" content=\"Sandrine Ngatchou propose une biblioth\u00e8que de ressource accessible au public : configuration d&#039;\u00e9quipements de s\u00e9curit\u00e9 et d\u00e9fis hack.\" \/>\n<meta name=\"robots\" content=\"index, follow, max-snippet:-1, max-image-preview:large, max-video-preview:-1\" \/>\n<link rel=\"canonical\" href=\"https:\/\/www.sandrinengatchou.com\/en\/labs-hacking\/\" \/>\n<meta property=\"og:locale\" content=\"en_US\" \/>\n<meta property=\"og:type\" content=\"article\" \/>\n<meta property=\"og:title\" content=\"Labs Hacking &#8211; Sandrine Ngatchou\" \/>\n<meta property=\"og:description\" content=\"Sandrine Ngatchou propose une biblioth\u00e8que de ressource accessible au public : configuration d&#039;\u00e9quipements de s\u00e9curit\u00e9 et d\u00e9fis hack.\" \/>\n<meta property=\"og:url\" content=\"https:\/\/www.sandrinengatchou.com\/en\/labs-hacking\/\" \/>\n<meta property=\"og:site_name\" content=\"Sandrine Ngatchou\" \/>\n<meta property=\"article:modified_time\" content=\"2022-01-07T15:47:56+00:00\" \/>\n<meta name=\"twitter:card\" content=\"summary_large_image\" \/>\n<meta name=\"twitter:label1\" content=\"Est. reading time\" \/>\n\t<meta name=\"twitter:data1\" content=\"2 minutes\" \/>\n<script type=\"application\/ld+json\" class=\"yoast-schema-graph\">{\"@context\":\"https:\\\/\\\/schema.org\",\"@graph\":[{\"@type\":\"WebPage\",\"@id\":\"https:\\\/\\\/www.sandrinengatchou.com\\\/labs-hacking\\\/\",\"url\":\"https:\\\/\\\/www.sandrinengatchou.com\\\/labs-hacking\\\/\",\"name\":\"Labs Hacking &#8211; Sandrine Ngatchou\",\"isPartOf\":{\"@id\":\"https:\\\/\\\/www.sandrinengatchou.com\\\/#website\"},\"datePublished\":\"2021-09-16T09:11:35+00:00\",\"dateModified\":\"2022-01-07T15:47:56+00:00\",\"description\":\"Sandrine Ngatchou propose une biblioth\u00e8que de ressource accessible au public : configuration d'\u00e9quipements de s\u00e9curit\u00e9 et d\u00e9fis hack.\",\"breadcrumb\":{\"@id\":\"https:\\\/\\\/www.sandrinengatchou.com\\\/labs-hacking\\\/#breadcrumb\"},\"inLanguage\":\"en-US\",\"potentialAction\":[{\"@type\":\"ReadAction\",\"target\":[\"https:\\\/\\\/www.sandrinengatchou.com\\\/labs-hacking\\\/\"]}]},{\"@type\":\"BreadcrumbList\",\"@id\":\"https:\\\/\\\/www.sandrinengatchou.com\\\/labs-hacking\\\/#breadcrumb\",\"itemListElement\":[{\"@type\":\"ListItem\",\"position\":1,\"name\":\"Accueil\",\"item\":\"https:\\\/\\\/www.sandrinengatchou.com\\\/\"},{\"@type\":\"ListItem\",\"position\":2,\"name\":\"Labs Hacking\"}]},{\"@type\":\"WebSite\",\"@id\":\"https:\\\/\\\/www.sandrinengatchou.com\\\/#website\",\"url\":\"https:\\\/\\\/www.sandrinengatchou.com\\\/\",\"name\":\"Sandrine Ngatchou\",\"description\":\"Int\u00e9gratrice de solutions cyber\",\"publisher\":{\"@id\":\"https:\\\/\\\/www.sandrinengatchou.com\\\/#\\\/schema\\\/person\\\/c6bf105394e8fdd0249ad2b5d4c2afdc\"},\"potentialAction\":[{\"@type\":\"SearchAction\",\"target\":{\"@type\":\"EntryPoint\",\"urlTemplate\":\"https:\\\/\\\/www.sandrinengatchou.com\\\/?s={search_term_string}\"},\"query-input\":{\"@type\":\"PropertyValueSpecification\",\"valueRequired\":true,\"valueName\":\"search_term_string\"}}],\"inLanguage\":\"en-US\"},{\"@type\":[\"Person\",\"Organization\"],\"@id\":\"https:\\\/\\\/www.sandrinengatchou.com\\\/#\\\/schema\\\/person\\\/c6bf105394e8fdd0249ad2b5d4c2afdc\",\"name\":\"Sandrine Ngatchou\",\"image\":{\"@type\":\"ImageObject\",\"inLanguage\":\"en-US\",\"@id\":\"https:\\\/\\\/secure.gravatar.com\\\/avatar\\\/4faca4dcbceab1dc99817c30d1c72e15230f11a84c56c726e7fc243a6367129e?s=96&d=mm&r=g\",\"url\":\"https:\\\/\\\/secure.gravatar.com\\\/avatar\\\/4faca4dcbceab1dc99817c30d1c72e15230f11a84c56c726e7fc243a6367129e?s=96&d=mm&r=g\",\"contentUrl\":\"https:\\\/\\\/secure.gravatar.com\\\/avatar\\\/4faca4dcbceab1dc99817c30d1c72e15230f11a84c56c726e7fc243a6367129e?s=96&d=mm&r=g\",\"caption\":\"Sandrine Ngatchou\"},\"logo\":{\"@id\":\"https:\\\/\\\/secure.gravatar.com\\\/avatar\\\/4faca4dcbceab1dc99817c30d1c72e15230f11a84c56c726e7fc243a6367129e?s=96&d=mm&r=g\"},\"sameAs\":[\"http:\\\/\\\/www.sandrinengatchou.com\"]}]}<\/script>\n<!-- \/ Yoast SEO plugin. -->","yoast_head_json":{"title":"Labs Hacking &#8211; Sandrine Ngatchou","description":"Sandrine Ngatchou propose une biblioth\u00e8que de ressource accessible au public : configuration d'\u00e9quipements de s\u00e9curit\u00e9 et d\u00e9fis hack.","robots":{"index":"index","follow":"follow","max-snippet":"max-snippet:-1","max-image-preview":"max-image-preview:large","max-video-preview":"max-video-preview:-1"},"canonical":"https:\/\/www.sandrinengatchou.com\/en\/labs-hacking\/","og_locale":"en_US","og_type":"article","og_title":"Labs Hacking &#8211; Sandrine Ngatchou","og_description":"Sandrine Ngatchou propose une biblioth\u00e8que de ressource accessible au public : configuration d'\u00e9quipements de s\u00e9curit\u00e9 et d\u00e9fis hack.","og_url":"https:\/\/www.sandrinengatchou.com\/en\/labs-hacking\/","og_site_name":"Sandrine Ngatchou","article_modified_time":"2022-01-07T15:47:56+00:00","twitter_card":"summary_large_image","twitter_misc":{"Est. reading time":"2 minutes"},"schema":{"@context":"https:\/\/schema.org","@graph":[{"@type":"WebPage","@id":"https:\/\/www.sandrinengatchou.com\/labs-hacking\/","url":"https:\/\/www.sandrinengatchou.com\/labs-hacking\/","name":"Labs Hacking &#8211; Sandrine Ngatchou","isPartOf":{"@id":"https:\/\/www.sandrinengatchou.com\/#website"},"datePublished":"2021-09-16T09:11:35+00:00","dateModified":"2022-01-07T15:47:56+00:00","description":"Sandrine Ngatchou propose une biblioth\u00e8que de ressource accessible au public : configuration d'\u00e9quipements de s\u00e9curit\u00e9 et d\u00e9fis hack.","breadcrumb":{"@id":"https:\/\/www.sandrinengatchou.com\/labs-hacking\/#breadcrumb"},"inLanguage":"en-US","potentialAction":[{"@type":"ReadAction","target":["https:\/\/www.sandrinengatchou.com\/labs-hacking\/"]}]},{"@type":"BreadcrumbList","@id":"https:\/\/www.sandrinengatchou.com\/labs-hacking\/#breadcrumb","itemListElement":[{"@type":"ListItem","position":1,"name":"Accueil","item":"https:\/\/www.sandrinengatchou.com\/"},{"@type":"ListItem","position":2,"name":"Labs Hacking"}]},{"@type":"WebSite","@id":"https:\/\/www.sandrinengatchou.com\/#website","url":"https:\/\/www.sandrinengatchou.com\/","name":"Sandrine Ngatchou","description":"Int\u00e9gratrice de solutions cyber","publisher":{"@id":"https:\/\/www.sandrinengatchou.com\/#\/schema\/person\/c6bf105394e8fdd0249ad2b5d4c2afdc"},"potentialAction":[{"@type":"SearchAction","target":{"@type":"EntryPoint","urlTemplate":"https:\/\/www.sandrinengatchou.com\/?s={search_term_string}"},"query-input":{"@type":"PropertyValueSpecification","valueRequired":true,"valueName":"search_term_string"}}],"inLanguage":"en-US"},{"@type":["Person","Organization"],"@id":"https:\/\/www.sandrinengatchou.com\/#\/schema\/person\/c6bf105394e8fdd0249ad2b5d4c2afdc","name":"Sandrine Ngatchou","image":{"@type":"ImageObject","inLanguage":"en-US","@id":"https:\/\/secure.gravatar.com\/avatar\/4faca4dcbceab1dc99817c30d1c72e15230f11a84c56c726e7fc243a6367129e?s=96&d=mm&r=g","url":"https:\/\/secure.gravatar.com\/avatar\/4faca4dcbceab1dc99817c30d1c72e15230f11a84c56c726e7fc243a6367129e?s=96&d=mm&r=g","contentUrl":"https:\/\/secure.gravatar.com\/avatar\/4faca4dcbceab1dc99817c30d1c72e15230f11a84c56c726e7fc243a6367129e?s=96&d=mm&r=g","caption":"Sandrine Ngatchou"},"logo":{"@id":"https:\/\/secure.gravatar.com\/avatar\/4faca4dcbceab1dc99817c30d1c72e15230f11a84c56c726e7fc243a6367129e?s=96&d=mm&r=g"},"sameAs":["http:\/\/www.sandrinengatchou.com"]}]}},"_links":{"self":[{"href":"https:\/\/www.sandrinengatchou.com\/en\/wp-json\/wp\/v2\/pages\/148","targetHints":{"allow":["GET"]}}],"collection":[{"href":"https:\/\/www.sandrinengatchou.com\/en\/wp-json\/wp\/v2\/pages"}],"about":[{"href":"https:\/\/www.sandrinengatchou.com\/en\/wp-json\/wp\/v2\/types\/page"}],"author":[{"embeddable":true,"href":"https:\/\/www.sandrinengatchou.com\/en\/wp-json\/wp\/v2\/users\/1"}],"replies":[{"embeddable":true,"href":"https:\/\/www.sandrinengatchou.com\/en\/wp-json\/wp\/v2\/comments?post=148"}],"version-history":[{"count":1,"href":"https:\/\/www.sandrinengatchou.com\/en\/wp-json\/wp\/v2\/pages\/148\/revisions"}],"predecessor-version":[{"id":643,"href":"https:\/\/www.sandrinengatchou.com\/en\/wp-json\/wp\/v2\/pages\/148\/revisions\/643"}],"wp:attachment":[{"href":"https:\/\/www.sandrinengatchou.com\/en\/wp-json\/wp\/v2\/media?parent=148"}],"curies":[{"name":"wp","href":"https:\/\/api.w.org\/{rel}","templated":true}]}}